{"id":43,"date":"2020-09-30T15:16:42","date_gmt":"2020-09-30T15:16:42","guid":{"rendered":"https:\/\/elghainaseguros.co.mz\/?page_id=43"},"modified":"2020-11-09T15:57:00","modified_gmt":"2020-11-09T15:57:00","slug":"contacto","status":"publish","type":"page","link":"https:\/\/elghainaseguros.co.mz\/index.php\/contacto\/","title":{"rendered":"Contacto"},"content":{"rendered":"\n    \n    <section class=\"u-clearfix u-valign-middle-sm u-white u-section-2\" id=\"carousel_2a14\">\n      <div class=\"u-clearfix u-sheet u-sheet-1\">\n        <h5 class=\"u-custom-font u-font-lato u-text u-text-default u-text-1\" data-animation-name=\"flipIn\" data-animation-duration=\"1000\" data-animation-delay=\"0\" data-animation-direction=\"X\">Contactos<\/h5>\n        <div class=\"u-container-style u-grey-10 u-group u-opacity u-opacity-35 u-group-1\">\n          <div class=\"u-container-layout u-valign-middle-lg u-valign-middle-md u-valign-middle-sm u-valign-middle-xs u-container-layout-1\"><\/div>\n        <\/div>\n        <div class=\"u-clearfix u-expanded-width-md u-expanded-width-sm u-expanded-width-xs u-layout-wrap u-layout-wrap-1\">\n          <div class=\"u-layout\">\n            <div class=\"u-layout-row\">\n              <div class=\"u-container-style u-layout-cell u-left-cell u-size-40 u-layout-cell-1\">\n                <div class=\"u-container-layout u-container-layout-2\">\n                  <div class=\"u-container-style u-custom-color-1 u-group u-group-2\">\n                    <div class=\"u-container-layout u-container-layout-3\"><\/div>\n                  <\/div>\n                  <img decoding=\"async\" class=\"u-expand-resize u-image u-image-1\" src=\"https:\/\/elghainaseguros.co.mz\/wp-content\/uploads\/2020\/10\/MilleniumPark.jpg\">\n                <\/div>\n              <\/div>\n              <div class=\"u-align-justify u-container-style u-layout-cell u-right-cell u-size-20 u-layout-cell-2\">\n                <div class=\"u-container-layout u-valign-middle-lg u-valign-middle-md u-valign-middle-sm u-valign-middle-xl u-container-layout-4\">\n                  <img decoding=\"async\" src=\"https:\/\/elghainaseguros.co.mz\/wp-content\/uploads\/2020\/10\/iconsinsurance2.png\" alt=\"\" class=\"u-image u-image-default u-image-2\">\n                  <p class=\"u-text u-text-custom-color-3 u-text-default u-text-2\">Somos dedicados na assessoria da escolha do melhor plano de seguro e desenvolver\ncom seus clientes&nbsp; parcerias de longo prazo atrav\u00e9s de atendimento\npersonalizado,&nbsp; produtos e servi\u00e7os de <b><i>qualidade em gerenciamento de\nriscos e seguros. <\/i><\/b>\n                    <br>\n                  <\/p>\n                <\/div>\n              <\/div>\n            <\/div>\n          <\/div>\n        <\/div>\n      <\/div>\n    <\/section>\n    <section class=\"u-clearfix u-valign-middle-xl u-valign-top-sm u-valign-top-xs u-white u-section-3\" id=\"carousel_3f63\">\n      <div class=\"u-clearfix u-expanded-width u-gutter-0 u-layout-wrap u-layout-wrap-1\">\n        <div class=\"u-layout\">\n          <div class=\"u-layout-row\">\n            <div class=\"u-container-style u-layout-cell u-left-cell u-size-23-lg u-size-23-xl u-size-27-md u-size-27-sm u-size-27-xs u-layout-cell-1\">\n              <div class=\"u-container-layout u-valign-top-sm u-valign-top-xs u-container-layout-1\">\n                <div class=\"u-align-center-sm u-align-center-xs u-container-style u-custom-color-1 u-group u-group-1\">\n                  <div class=\"u-container-layout u-valign-middle-sm u-container-layout-2\">\n                    <h6 class=\"u-align-left-lg u-align-left-md u-align-left-xl u-custom-font u-text u-text-body-color u-text-font u-text-1\" data-animation-name=\"zoomIn\" data-animation-duration=\"1000\" data-animation-delay=\"0\" data-animation-direction=\"\">CONTACTOS<\/h6>\n                    <p class=\"u-align-left-xl u-text u-text-2\">\n                      <a class=\"u-active-none u-border-none u-btn u-button-link u-button-style u-hover-none u-none u-text-hover-black u-text-white u-btn-1\" href=\"tel:+258 86 162 2190\">+258 86 162 2190<\/a>\n                    <\/p>\n                    <p class=\"u-align-left-xl u-text u-text-white u-text-3\">\n                      <a class=\"u-active-none u-border-none u-btn u-button-link u-button-style u-custom-font u-font-lato u-hover-none u-none u-text-hover-black u-text-white u-btn-2\" href=\"mailto:seguros@elghainacorretora.co.mz?subject=Elghaina - Email da Web\">seguros@elghainacorretora.co.mz<br>\n                      <\/a>\n                    <\/p>\n                    <h6 class=\"u-align-left-lg u-align-left-md u-align-left-xl u-custom-font u-text u-text-body-color u-text-default u-text-font u-text-4\" data-animation-name=\"zoomIn\" data-animation-duration=\"1000\" data-animation-delay=\"0\" data-animation-direction=\"\">ENDERE\u00c7O<\/h6>\n                    <p class=\"u-align-left-lg u-align-left-md u-align-left-xl u-custom-font u-font-lato u-text u-text-5\">\n                      <span class=\"u-active-none u-border-none u-btn u-button-link u-button-style u-hover-none u-none u-text-body-alt-color u-text-hover-black u-btn-3\">Avenida Vladimir Lenine nr. 174,<br> 1\u00b0 andar,<br>Maputo Mo\u00e7ambique\n                      <\/span>\n                    <\/p>\n                    <h6 class=\"u-align-left-lg u-align-left-md u-align-left-xl u-custom-font u-text u-text-body-color u-text-default u-text-font u-text-6\" data-animation-name=\"zoomIn\" data-animation-duration=\"1000\" data-animation-delay=\"0\" data-animation-direction=\"\">HOR\u00c1RIO DE TRABALHO<br>\n                    <\/h6>\n                    <p class=\"u-align-left-lg u-align-left-md u-align-left-xl u-custom-font u-font-lato u-text u-text-default u-text-7\">Segunda \u2013 Sexta 08:00 - 17:00<br>Sabado &amp; Domingo - Fechado\n                    <\/p>\n                    <h2 class=\"u-align-center-lg u-align-center-md u-align-center-xl u-custom-font u-font-Lobster u-text u-text-white u-text-8\">Millenium Park Building<br>\n                    <\/h2>\n                  <\/div>\n                <\/div>\n              <\/div>\n            <\/div>\n            <div class=\"u-container-style u-layout-cell u-right-cell u-size-33-md u-size-33-sm u-size-33-xs u-size-37-lg u-size-37-xl u-white u-layout-cell-2\">\n              <div class=\"u-container-layout u-valign-top-md u-container-layout-3\">\n                <div class=\"u-expanded u-grey-10 u-map u-map-1\">\n                  <div class=\"embed-responsive\">\n                    <iframe class=\"embed-responsive-item\" src=\"\/\/maps.google.com\/maps?output=embed&amp;key=AIzaSyBxDFkZDYLt9h-o552qY8wSxgTnLNbxnMM&amp;q=Elghaina%20Corretora%20De%20Seguros%20Lda.%2C%20Maputo&amp;z=20&amp;t=m\" data-map=\"JTdCJTIycG9zaXRpb25UeXBlJTIyJTNBJTIybWFwLWFkZHJlc3MlMjIlMkMlMjJhZGRyZXNzJTIyJTNBJTIyRWxnaGFpbmElMjBDb3JyZXRvcmElMjBEZSUyMFNlZ3Vyb3MlMjBMZGEuJTJDJTIwTWFwdXRvJTIyJTJDJTIyem9vbSUyMiUzQTIwJTJDJTIydHlwZUlkJTIyJTNBJTIycm9hZCUyMiUyQyUyMmxhbmclMjIlM0FudWxsJTJDJTIyYXBpS2V5JTIyJTNBJTIyQUl6YVN5QnhERmtaRFlMdDloLW81NTJxWTh3U3hnVG5MTmJ4bk1NJTIyJTJDJTIybWFya2VycyUyMiUzQSU1QiU1RCU3RA==\"><\/iframe>\n                  <\/div>\n                <\/div>\n              <\/div>\n            <\/div>\n          <\/div>\n        <\/div>\n      <\/div>\n    <\/section>\n    <section class=\"u-align-left-sm u-align-left-xs u-clearfix u-white u-section-4\" id=\"sec-c6dd\">\n      <div class=\"u-clearfix u-sheet u-sheet-1\">\n        <div class=\"u-align-center-xs u-align-left-lg u-align-left-md u-align-left-sm u-align-left-xl u-container-style u-expanded-width-xs u-group u-image u-image-1\">\n          <div class=\"u-container-layout u-valign-middle-xs u-container-layout-1\"><\/div>\n        <\/div>\n        <h3 class=\"u-custom-font u-font-lato u-text u-text-custom-color-3 u-text-1\">Fale connosco<br>\n        <\/h3>\n        <div class=\"u-expanded-width-sm u-expanded-width-xs u-form u-form-1\">\n          <form action=\"https:\/\/elghainaseguros.co.mz\/wp-content\/plugins\/nicepage\/templates\/form.php?id=43&formId=c6dd\" method=\"POST\" class=\"u-clearfix u-form-spacing-10 u-form-vertical u-inner-form\" style=\"padding: 10px\" source=\"customphp\" name=\"form\">\n            <div class=\"u-form-group u-form-name u-form-group-1\">\n              <label for=\"name-3119\" class=\"u-form-control-hidden u-label\">Name<\/label>\n              <input type=\"text\" placeholder=\"Seu nome\" id=\"name-3119\" name=\"name\" class=\"u-border-2 u-border-black u-border-no-left u-border-no-right u-border-no-top u-grey-5 u-input u-input-rectangle\" required=\"\">\n            <\/div>\n            <div class=\"u-form-email u-form-group u-form-group-2\">\n              <label for=\"email-3119\" class=\"u-form-control-hidden u-label\">Email<\/label>\n              <input type=\"email\" placeholder=\"Seu email\" id=\"email-3119\" name=\"email\" class=\"u-border-2 u-border-black u-border-no-left u-border-no-right u-border-no-top u-grey-5 u-input u-input-rectangle\" required=\"\">\n            <\/div>\n            <div class=\"u-form-group u-form-message u-form-group-3\">\n              <label for=\"message-3119\" class=\"u-form-control-hidden u-label\">Message<\/label>\n              <textarea placeholder=\"Deixa sua mensagem\" rows=\"4\" cols=\"50\" id=\"message-3119\" name=\"message\" class=\"u-border-2 u-border-black u-border-no-left u-border-no-right u-border-no-top u-grey-5 u-input u-input-rectangle\" required=\"\"><\/textarea>\n            <\/div>\n            <div class=\"u-align-left u-form-group u-form-submit u-form-group-4\">\n              <a href=\"#\" class=\"u-border-1 u-border-grey-75 u-btn u-btn-round u-btn-submit u-button-style u-custom-color-3 u-radius-6 u-btn-1\">Enviar<\/a>\n              <input type=\"submit\" value=\"submit\" class=\"u-form-control-hidden\">\n            <\/div>\n            <div class=\"u-form-send-message u-form-send-success\">Obrigado a sua mensagem foi envida com sucesso!<\/div>\n            <div class=\"u-form-send-error u-form-send-message\">Falha! Verifique a sua informa\u00e7\u00e3o e tente novamente<\/div>\n            <input type=\"hidden\" value=\"\" name=\"recaptchaResponse\">\n          <\/form>\n        <\/div>\n      <\/div>\n    <\/section>\n    \n    \n  \n","protected":false},"excerpt":{"rendered":"<p>Contactos Somos dedicados na assessoria da escolha do melhor plano de seguro e desenvolver com seus clientes&nbsp; parcerias de longo prazo atrav\u00e9s de atendimento personalizado,&nbsp; produtos e servi\u00e7os de qualidade em gerenciamento de riscos e seguros. CONTACTOS +258 86 162 2190 seguros@elghainacorretora.co.mz ENDERE\u00c7O Avenida Vladimir Lenine nr. 174, 1\u00b0 andar,Maputo Mo\u00e7ambique HOR\u00c1RIO DE TRABALHO Segunda &hellip; <a href=\"https:\/\/elghainaseguros.co.mz\/index.php\/contacto\/\" class=\"more-link\">Continue reading<span class=\"screen-reader-text\"> &#8220;Contacto&#8221;<\/span><\/a><\/p>\n","protected":false},"author":1,"featured_media":0,"parent":0,"menu_order":0,"comment_status":"closed","ping_status":"closed","template":"","meta":{"footnotes":""},"class_list":["post-43","page","type-page","status-publish","hentry"],"_links":{"self":[{"href":"https:\/\/elghainaseguros.co.mz\/index.php\/wp-json\/wp\/v2\/pages\/43","targetHints":{"allow":["GET"]}}],"collection":[{"href":"https:\/\/elghainaseguros.co.mz\/index.php\/wp-json\/wp\/v2\/pages"}],"about":[{"href":"https:\/\/elghainaseguros.co.mz\/index.php\/wp-json\/wp\/v2\/types\/page"}],"author":[{"embeddable":true,"href":"https:\/\/elghainaseguros.co.mz\/index.php\/wp-json\/wp\/v2\/users\/1"}],"replies":[{"embeddable":true,"href":"https:\/\/elghainaseguros.co.mz\/index.php\/wp-json\/wp\/v2\/comments?post=43"}],"version-history":[{"count":19,"href":"https:\/\/elghainaseguros.co.mz\/index.php\/wp-json\/wp\/v2\/pages\/43\/revisions"}],"predecessor-version":[{"id":256,"href":"https:\/\/elghainaseguros.co.mz\/index.php\/wp-json\/wp\/v2\/pages\/43\/revisions\/256"}],"wp:attachment":[{"href":"https:\/\/elghainaseguros.co.mz\/index.php\/wp-json\/wp\/v2\/media?parent=43"}],"curies":[{"name":"wp","href":"https:\/\/api.w.org\/{rel}","templated":true}]}}