{"id":32,"date":"2020-09-30T15:17:31","date_gmt":"2020-09-30T15:17:31","guid":{"rendered":"https:\/\/elghainaseguros.co.mz\/?page_id=32"},"modified":"2020-11-09T15:24:52","modified_gmt":"2020-11-09T15:24:52","slug":"servicos","status":"publish","type":"page","link":"https:\/\/elghainaseguros.co.mz\/index.php\/servicos\/","title":{"rendered":"Servi\u00e7os"},"content":{"rendered":"\n    \n    <section class=\"u-clearfix u-valign-middle-lg u-valign-middle-md u-valign-middle-sm u-valign-middle-xl u-section-2\" id=\"sec-23f4\">\n      <div class=\"u-container-style u-expanded-width u-group u-image u-image-1\" data-image-width=\"1877\" data-image-height=\"1253\">\n        <div class=\"u-container-layout u-container-layout-1\">\n          <h3 class=\"u-text u-text-default u-text-white u-text-1\" data-animation-name=\"zoomIn\" data-animation-duration=\"1000\" data-animation-delay=\"0\" data-animation-direction=\"\">Viva sem riscos<br>\n          <\/h3>\n          <p class=\"u-text u-text-white u-text-2\">Estamos a sua disposi\u00e7\u00e3o para ajudar na escolha do melhor<br>plano de seguro \n          <\/p>\n        <\/div>\n      <\/div>\n    <\/section>\n    <section class=\"u-clearfix u-white u-section-3\" id=\"sec-da43\">\n      <div class=\"u-clearfix u-sheet u-valign-middle u-sheet-1\">\n        <h5 class=\"u-align-center-lg u-align-center-md u-align-center-sm u-align-center-xl u-text u-text-custom-color-2 u-text-default u-text-1\">Nossos Servi\u00e7os<br>\n        <\/h5>\n      <\/div>\n    <\/section>\n    <section class=\"u-align-center u-clearfix u-section-4\" id=\"carousel_0218\">\n      <img decoding=\"async\" src=\"https:\/\/elghainaseguros.co.mz\/wp-content\/uploads\/2020\/10\/foto-seguros.jpg\" alt=\"\" class=\"u-expanded-width u-image u-image-default u-image-1\">\n      <div class=\"u-list u-repeater u-list-1\">\n        <div class=\"u-container-style u-gradient u-list-item u-repeater-item u-list-item-1\">\n          <div class=\"u-container-layout u-similar-container u-valign-bottom u-container-layout-1\"><span class=\"u-border-2 u-border-custom-color-3 u-icon u-icon-circle u-spacing-10 u-text-custom-color-3 u-icon-1\"><svg class=\"u-svg-link\" preserveAspectRatio=\"xMidYMin slice\" viewBox=\"0 0 512 512\" style=\"\"><use xlink:href=\"#svg-2831\"><\/use><\/svg><svg xmlns=\"http:\/\/www.w3.org\/2000\/svg\" xmlns:xlink=\"http:\/\/www.w3.org\/1999\/xlink\" version=\"1.1\" xml:space=\"preserve\" class=\"u-svg-content\" viewBox=\"0 0 512 512\" id=\"svg-2831\"><g id=\"_x31__1_\"><path d=\"m376 512v-512h-99.902l-3.56 9.932c-9.419 26.294-27.202 49.746-52.837 69.697-26.528 20.684-51.211 34.849-73.359 42.1l-10.342 3.383v114.771l19.702-6.519c36.387-12.012 69.448-29.268 98.672-51.445v330.081z\"><\/path>\n<\/g><\/svg>\n            \n            \n          <\/span>\n            <div class=\"u-container-style u-expanded-width-sm u-expanded-width-xs u-group u-group-1\">\n              <div class=\"u-container-layout u-valign-top u-container-layout-2\">\n                <h5 class=\"u-text u-text-custom-color-3 u-text-1\"><!--[if !supportLists]--><b>Consultoria&nbsp;de Seguros<\/b><!--[endif]-->\n                <\/h5>\n                <p class=\"u-align-justify u-text u-text-2\"><!--[if !supportLists]-->1.1. <!--[endif]-->Identificar\nas necessidades e assessorar o Cliente na escolha da melhor Seguradora, levando\nem considera\u00e7\u00e3o a solidez da Institui\u00e7\u00e3o, sua estrutura, qualidade de\natendimento e o melhor equil\u00edbrio entre custo e benef\u00edcio de seus produtos e\nservi\u00e7os;<b><\/b>\n                <\/p>\n              <\/div>\n            <\/div>\n          <\/div>\n        <\/div>\n        <div class=\"u-container-style u-gradient u-list-item u-repeater-item u-list-item-2\">\n          <div class=\"u-container-layout u-similar-container u-valign-bottom u-container-layout-3\"><span class=\"u-border-2 u-border-custom-color-3 u-icon u-icon-circle u-spacing-10 u-text-custom-color-3 u-icon-2\"><svg class=\"u-svg-link\" preserveAspectRatio=\"xMidYMin slice\" viewBox=\"0 0 512 512\" style=\"\"><use xlink:href=\"#svg-1a97\"><\/use><\/svg><svg xmlns=\"http:\/\/www.w3.org\/2000\/svg\" xmlns:xlink=\"http:\/\/www.w3.org\/1999\/xlink\" version=\"1.1\" xml:space=\"preserve\" class=\"u-svg-content\" viewBox=\"0 0 512 512\" id=\"svg-1a97\"><g id=\"_x32_\"><path d=\"m436.879 148.037c0-73.682-52.808-148.037-170.786-148.037-105.308 0-166.875 53.555-178.067 154.878l-1.67 15.103 124.336 12.114 1.025-15.439c3.545-53.467 28.286-60.674 52.031-60.674 32.285 0 48.647 16.348 48.647 48.589 0 94.33-216.104 166.375-235.43 340.774l-1.844 16.655h361.758v-117.107h-171.797c54.405-60.11 171.797-126.067 171.797-246.856z\"><\/path>\n<\/g><\/svg>\n            \n            \n          <\/span>\n            <div class=\"u-container-style u-expanded-width-sm u-expanded-width-xs u-group u-video-cover u-group-2\">\n              <div class=\"u-container-layout u-valign-top u-container-layout-4\">\n                <h5 class=\"u-text u-text-custom-color-3 u-text-3\">An\u00e1lise de Risco<br>\n                <\/h5>\n                <p class=\"u-align-justify u-text u-text-4\"><!--[if !supportLists]-->2.1. Identificar as possibilidades de perdas e danos, recomendar\nas coberturas adequadas para o ressarcimento de eventuais preju\u00edzos;<br><!--[if !supportLists]-->\n                  <br>2.2. <!--[endif]-->Aconselhamento sobre as\nmelhores formas de evitar\/transferir os riscos envolvidos, nas vossas actividades, para as seguradoras a custos prefer\u00eanciais; <br>\n                <\/p>\n              <\/div>\n            <\/div>\n          <\/div>\n        <\/div>\n        <div class=\"u-container-style u-gradient u-list-item u-repeater-item u-list-item-3\">\n          <div class=\"u-container-layout u-similar-container u-valign-bottom u-container-layout-5\"><span class=\"u-border-2 u-border-custom-color-3 u-icon u-icon-circle u-spacing-10 u-text-custom-color-3 u-icon-3\"><svg class=\"u-svg-link\" preserveAspectRatio=\"xMidYMin slice\" viewBox=\"0 0 512 512\" style=\"\"><use xlink:href=\"#svg-e740\"><\/use><\/svg><svg xmlns=\"http:\/\/www.w3.org\/2000\/svg\" xmlns:xlink=\"http:\/\/www.w3.org\/1999\/xlink\" version=\"1.1\" xml:space=\"preserve\" class=\"u-svg-content\" viewBox=\"0 0 512 512\" id=\"svg-e740\"><g id=\"_x33_\"><path d=\"m363.395 231.083c33.926-25.107 51.079-56.792 51.079-94.526 0-66.636-60.732-136.557-162.378-136.557-158.476 0-167.63 144.392-171.108 151.117l118.74 19.087c1.679-4.734-1.149-65.142 49.658-65.142 45.748 0 47.476 48.183 27.715 67.441-13.91 13.568-22.534 11.392-65.405 14.78l-15.601 109.058c14.685-3.471 39.459-12.041 61.758-12.041 25.591 0 51.416 18.164 51.416 58.755 0 43.682-27.524 63.237-54.8 63.237-57.998 0-55.866-65.857-57.524-70.195l-121.787 13.975c1.564 3.002 3.976 161.928 179.985 161.928 101.895 0 181.699-73.085 181.699-165.092 0-52.207-27.934-94.936-73.447-115.825z\"><\/path>\n<\/g><\/svg>\n            \n            \n          <\/span>\n            <div class=\"u-container-style u-expanded-width-sm u-expanded-width-xs u-group u-video-cover u-group-3\">\n              <div class=\"u-container-layout u-valign-top u-container-layout-6\">\n                <h5 class=\"u-text u-text-custom-color-3 u-text-5\">Assist\u00eancia T\u00e9cnica<br>\n                <\/h5>\n                <p class=\"u-align-justify u-text u-text-6\"><!--[if !supportLists]-->3.1. <!--[endif]-->Levantamento,\norganiza\u00e7\u00e3o e an\u00e1lise dos contratos de seguros (ap\u00f3lices) e respectivos riscos\ncobertos se for aplic\u00e1vel;<br>\n                  <br><!--[if !supportLists]-->3.2. Negocia\u00e7\u00e3o com as seguradoras no sentido de obter\nmelhores solu\u00e7\u00f5es de coberturas dos riscos envolvidos; <br>\n                <\/p>\n              <\/div>\n            <\/div>\n          <\/div>\n        <\/div>\n        <div class=\"u-container-style u-gradient u-list-item u-repeater-item u-list-item-4\">\n          <div class=\"u-container-layout u-similar-container u-valign-bottom u-container-layout-7\"><span class=\"u-border-2 u-border-custom-color-3 u-icon u-icon-circle u-spacing-10 u-text-custom-color-3 u-icon-4\"><svg class=\"u-svg-link\" preserveAspectRatio=\"xMidYMin slice\" viewBox=\"0 0 512 512\" style=\"\"><use xlink:href=\"#svg-cced\"><\/use><\/svg><svg xmlns=\"http:\/\/www.w3.org\/2000\/svg\" xmlns:xlink=\"http:\/\/www.w3.org\/1999\/xlink\" version=\"1.1\" xml:space=\"preserve\" class=\"u-svg-content\" viewBox=\"0 0 512 512\" id=\"svg-cced\"><g id=\"_x34_\"><path d=\"m379.018 0h-96.988l-206.03 314.106v99.697h187.852v98.197h115.166v-98.196h56.982v-110.537h-56.982zm-178.14 303.267 62.974-97.5v97.5z\"><\/path>\n<\/g><\/svg>\n            \n            \n          <\/span>\n            <div class=\"u-container-style u-expanded-width-sm u-expanded-width-xs u-group u-video-cover u-group-4\">\n              <div class=\"u-container-layout u-valign-top u-container-layout-8\">\n                <h5 class=\"u-text u-text-custom-color-3 u-text-7\"><!--[if !supportLists]-->Administra\u00e7\u00e3o do Contrato de Seguro&nbsp; <\/h5>\n                <p class=\"u-align-justify u-text u-text-8\">4.1 Gest\u00e3o da carteira de seguros (conjunto de\nap\u00f3lices) de uma ou mais modalidades que o cliente, det\u00eam nas seguradoras;<br>\n                  <br><!--[if !supportLists]-->4.2 <!--[endif]-->Observar as mudan\u00e7as ocorridas durante a vig\u00eancia das\nap\u00f3lices, sejam mercadol\u00f3gicas ou do pr\u00f3prio contrato, resguardando os direitos\ne deveres do Cliente.&nbsp; \n                <\/p>\n              <\/div>\n            <\/div>\n          <\/div>\n        <\/div>\n        <div class=\"u-container-style u-gradient u-list-item u-repeater-item u-list-item-4\">\n          <div class=\"u-container-layout u-similar-container u-valign-bottom u-container-layout-7\"><span class=\"u-border-2 u-border-custom-color-3 u-icon u-icon-circle u-spacing-10 u-text-custom-color-3 u-icon-4\"><svg class=\"u-svg-link\" preserveAspectRatio=\"xMidYMin slice\" viewBox=\"0 0 512 512\" style=\"\"><use xlink:href=\"#svg-4fc1\"><\/use><\/svg><svg xmlns=\"http:\/\/www.w3.org\/2000\/svg\" xmlns:xlink=\"http:\/\/www.w3.org\/1999\/xlink\" version=\"1.1\" xml:space=\"preserve\" class=\"u-svg-content\" viewBox=\"0 0 512 512\" id=\"svg-4fc1\"><g id=\"_x35_\"><path d=\"m272.399 153.729c-15.044 0-30 2.227-44.722 6.621l7.72-42.524h178.606v-117.826h-274.802l-53.54 278.621 99.727 14.077c4.191-3.409 26.049-35.874 66.929-35.874 37.383 0 57.964 25.972 57.964 73.11 0 49.248-20.669 78.647-55.283 78.647-55.767 0-54.844-65.602-56.279-68.613l-123.722 12.496c1.589 3.083 6.57 159.536 178.989 159.536 118.872 0 183.018-94.644 183.018-183.706-.001-114.609-82.808-174.565-164.605-174.565z\"><\/path>\n<\/g><\/svg>\n            \n            \n          <\/span>\n            <div class=\"u-container-style u-expanded-width-sm u-expanded-width-xs u-group u-video-cover u-group-4\">\n              <div class=\"u-container-layout u-valign-top u-container-layout-8\">\n                <h5 class=\"u-text u-text-custom-color-3 u-text-7\"><!--[if !supportLists]--><!--[endif]-->Renova\u00e7\u00e3o do Seguro&nbsp; <\/h5>\n                <p class=\"u-align-justify u-text u-text-8\"><!--[if !supportLists]-->5.1. <!--[endif]-->Comunicar atempadamente ao Cliente sobre a necessidade de\nrenova\u00e7\u00e3o do contrato de seguro, que frequentemente \u00e9 anual e n\u00e3o autom\u00e1tica,\ninformando prazos, custos e condi\u00e7\u00f5es gerais, evitando interrup\u00e7\u00e3o da cobertura\nsecurit\u00e1ria. <\/p>\n              <\/div>\n            <\/div>\n          <\/div>\n        <\/div>\n        <div class=\"u-container-style u-gradient u-list-item u-repeater-item u-list-item-4\">\n          <div class=\"u-container-layout u-similar-container u-valign-bottom u-container-layout-7\"><span class=\"u-border-2 u-border-custom-color-3 u-icon u-icon-circle u-spacing-10 u-text-custom-color-3 u-icon-4\"><svg class=\"u-svg-link\" preserveAspectRatio=\"xMidYMin slice\" viewBox=\"0 0 512 512\" style=\"\"><use xlink:href=\"#svg-3f29\"><\/use><\/svg><svg xmlns=\"http:\/\/www.w3.org\/2000\/svg\" xmlns:xlink=\"http:\/\/www.w3.org\/1999\/xlink\" version=\"1.1\" xml:space=\"preserve\" class=\"u-svg-content\" viewBox=\"0 0 512 512\" id=\"svg-3f29\"><g id=\"_x36_\"><path d=\"m207.528 187.158c6.797-50.501 21.724-82.211 58.418-82.211 16.025 0 34.995 4.49 39.39 39.523l1.816 14.535 122.314-12.844-2.798-15.76c-14.574-82.238-71.073-130.401-154.994-130.401-126.182 0-195.674 92.76-195.674 259.368 0 162.263 66.138 252.632 186.24 252.632 102.305 0 173.76-72.685 173.76-175.335-.015-146.489-147.158-200.781-228.472-149.507zm54.712 76.875c32.93 0 51.064 26.14 51.064 73.594 0 31.374-8.042 68.783-46.348 68.783-26.382 0-54.771-24.041-54.771-76.802.002-41.053 18.708-65.575 50.055-65.575z\"><\/path>\n<\/g><\/svg>\n            \n            \n          <\/span>\n            <div class=\"u-container-style u-expanded-width-sm u-expanded-width-xs u-group u-video-cover u-group-4\">\n              <div class=\"u-container-layout u-valign-top u-container-layout-8\">\n                <h5 class=\"u-text u-text-custom-color-3 u-text-7\">Todos servi\u00e7os acima citados s\u00e3o prestados de forma gr\u00e1tis <br>\n                <\/h5>\n                <p class=\"u-align-justify u-text u-text-8\">Contacte-nos e Adira o seu Seguro. Disp\u00f5e de Assist\u00eancia Sempre que Precisar<br>\n                  <br><!--[if !supportLists]-->\n                <\/p>\n              <\/div>\n            <\/div>\n          <\/div>\n        <\/div>\n      <\/div>\n      <a href=\"https:\/\/elghainaseguros.co.mz\/index.php\/contacto\/\" class=\"u-active-grey-15 u-btn u-button-style u-custom-color-3 u-hover-grey-15 u-btn-1\">Adira j\u00e1<\/a>\n    <\/section>\n    \n    \n  \n","protected":false},"excerpt":{"rendered":"<p>Viva sem riscos Estamos a sua disposi\u00e7\u00e3o para ajudar na escolha do melhorplano de seguro Nossos Servi\u00e7os Consultoria&nbsp;de Seguros 1.1. Identificar as necessidades e assessorar o Cliente na escolha da melhor Seguradora, levando em considera\u00e7\u00e3o a solidez da Institui\u00e7\u00e3o, sua estrutura, qualidade de atendimento e o melhor equil\u00edbrio entre custo e benef\u00edcio de seus produtos &hellip; <a href=\"https:\/\/elghainaseguros.co.mz\/index.php\/servicos\/\" class=\"more-link\">Continue reading<span class=\"screen-reader-text\"> &#8220;Servi\u00e7os&#8221;<\/span><\/a><\/p>\n","protected":false},"author":1,"featured_media":0,"parent":0,"menu_order":0,"comment_status":"closed","ping_status":"closed","template":"","meta":{"footnotes":""},"class_list":["post-32","page","type-page","status-publish","hentry"],"_links":{"self":[{"href":"https:\/\/elghainaseguros.co.mz\/index.php\/wp-json\/wp\/v2\/pages\/32","targetHints":{"allow":["GET"]}}],"collection":[{"href":"https:\/\/elghainaseguros.co.mz\/index.php\/wp-json\/wp\/v2\/pages"}],"about":[{"href":"https:\/\/elghainaseguros.co.mz\/index.php\/wp-json\/wp\/v2\/types\/page"}],"author":[{"embeddable":true,"href":"https:\/\/elghainaseguros.co.mz\/index.php\/wp-json\/wp\/v2\/users\/1"}],"replies":[{"embeddable":true,"href":"https:\/\/elghainaseguros.co.mz\/index.php\/wp-json\/wp\/v2\/comments?post=32"}],"version-history":[{"count":29,"href":"https:\/\/elghainaseguros.co.mz\/index.php\/wp-json\/wp\/v2\/pages\/32\/revisions"}],"predecessor-version":[{"id":258,"href":"https:\/\/elghainaseguros.co.mz\/index.php\/wp-json\/wp\/v2\/pages\/32\/revisions\/258"}],"wp:attachment":[{"href":"https:\/\/elghainaseguros.co.mz\/index.php\/wp-json\/wp\/v2\/media?parent=32"}],"curies":[{"name":"wp","href":"https:\/\/api.w.org\/{rel}","templated":true}]}}