{"id":27,"date":"2020-09-30T15:17:56","date_gmt":"2020-09-30T15:17:56","guid":{"rendered":"https:\/\/elghainaseguros.co.mz\/?page_id=27"},"modified":"2020-11-03T16:42:52","modified_gmt":"2020-11-03T16:42:52","slug":"sobre-nos","status":"publish","type":"page","link":"https:\/\/elghainaseguros.co.mz\/index.php\/sobre-nos\/","title":{"rendered":"Sobre N\u00f3s"},"content":{"rendered":"\n    \n    <section class=\"u-align-left u-clearfix u-valign-middle-sm u-section-2\" id=\"carousel_93c6\">\n      <h1 class=\"u-custom-font u-text u-text-1\" data-animation-name=\"pulse\" data-animation-duration=\"1000\" data-animation-delay=\"0\" data-animation-direction=\"\">Quem <font class=\"u-text-custom-color-2\"><b style=\"\">somos?<\/b>\n        <\/font>\n      <\/h1>\n      <p class=\"u-align-justify u-text u-text-2\"><b>A ELGHAINA<\/b> - Corretora de Seguros, S.A \u00e9 uma empresa mo\u00e7ambicana dedicada a assessorar na escolha do melhor plano de seguro e desenvolver com seus clientes parcerias de longo prazo atrav\u00e9s de atendimento personalizado, produtos e servi\u00e7os de qualidade em gerenciamento de riscos e seguros.<br>\n      <\/p>\n      <h6 class=\"u-align-justify u-custom-font u-font-oswald u-text u-text-custom-color-3 u-text-default u-text-3\" data-animation-name=\"pulse\" data-animation-duration=\"1000\" data-animation-delay=\"0\" data-animation-direction=\"\">Parceiros<\/h6>\n      <div class=\"u-custom-color-2 u-expanded-width u-radius-7 u-shape u-shape-round u-shape-1\"><\/div>\n      <div class=\"u-clearfix u-gutter-38 u-layout-wrap u-layout-wrap-1\">\n        <div class=\"u-gutter-0 u-layout\">\n          <div class=\"u-layout-row\">\n            <div class=\"u-container-style u-image u-layout-cell u-left-cell u-size-20 u-image-1\">\n              <div class=\"u-container-layout u-container-layout-1\"><\/div>\n            <\/div>\n            <div class=\"u-container-style u-image u-layout-cell u-size-20 u-image-2\" data-image-width=\"600\" data-image-height=\"400\">\n              <div class=\"u-container-layout u-container-layout-2\"><\/div>\n            <\/div>\n            <div class=\"u-container-style u-image u-layout-cell u-right-cell u-size-20 u-image-3\" data-image-width=\"600\" data-image-height=\"400\">\n              <div class=\"u-container-layout u-container-layout-3\"><\/div>\n            <\/div>\n          <\/div>\n        <\/div>\n      <\/div>\n    <\/section>\n    <section class=\"u-align-left u-clearfix u-white u-section-3\" id=\"carousel_1699\">\n      <div class=\"u-clearfix u-sheet u-sheet-1\">\n        <div class=\"u-shape u-shape-svg u-text-custom-color-2 u-shape-1\">\n          <svg class=\"u-svg-link\" preserveAspectRatio=\"none\" viewBox=\"0 0 160 140\" style=\"\"><use xlink:href=\"#svg-c2f5\"><\/use><\/svg>\n          <svg xmlns=\"http:\/\/www.w3.org\/2000\/svg\" xmlns:xlink=\"http:\/\/www.w3.org\/1999\/xlink\" version=\"1.1\" xml:space=\"preserve\" class=\"u-svg-content\" viewBox=\"0 0 160 140\" x=\"0px\" y=\"0px\" id=\"svg-c2f5\"><g><g><path d=\"M138.9,102.2c-9.5,10.1-24.4,20.2-41.2,27.4C63.2,144.5,21,147.1,3.1,112.4c-9.9-19.1,6.5-28.8,11.8-45.7\n\t\t\tc5.3-16.9-11.4-32.3-5.1-49.9c1.8-4.9,4.9-9,8.9-11.9C24,1,30.8-0.8,37.8,0.3C43.6,1.2,49,3.5,54.3,5.7c8.8,3.7,17.4,7.1,26.3,9.8\n\t\t\tc15.7,4.7,31.3,3.7,47.1,7.2c8.5,1.9,16.7,5.6,22.6,11.8C170.3,55.7,155.8,84.1,138.9,102.2z\"><\/path>\n<\/g>\n<\/g><\/svg>\n        <\/div>\n        <div class=\"u-clearfix u-expanded-width u-layout-wrap u-layout-wrap-1\">\n          <div class=\"u-gutter-0 u-layout\">\n            <div class=\"u-layout-row\">\n              <div class=\"u-container-style u-layout-cell u-left-cell u-right-cell u-size-60 u-white u-layout-cell-1\">\n                <div class=\"u-container-layout u-container-layout-1\">\n                  <h2 class=\"u-custom-font u-font-oswald u-text u-text-custom-color-2 u-text-1\" data-animation-name=\"fadeIn\" data-animation-duration=\"1000\" data-animation-delay=\"0\">Nossa Vis\u00e3o<br>\n                  <\/h2>\n                  <p class=\"u-align-justify u-text u-text-2\"> Num per\u00edodo de 3 anos tornar-se uma\ncorretora de refer\u00eancia na actividade de corretagem de seguros no pa\u00eds, atrav\u00e9s\ndo desenvolvimento de uma boa rela\u00e7\u00e3o de parceria com seus clientes e\ncumprimento dos prazos relativos as suas obriga\u00e7\u00f5es com as seguradoras, e\nprincipalmente com o Instituto de Supervis\u00e3o de Seguros de Mo\u00e7ambique, no que\nse refere a Contabilidade de Seguros. &nbsp; <\/p>\n                <\/div>\n              <\/div>\n            <\/div>\n          <\/div>\n        <\/div>\n      <\/div>\n    <\/section>\n    <section class=\"u-align-left u-clearfix u-white u-section-4\" id=\"carousel_b73a\">\n      <div class=\"u-clearfix u-sheet u-valign-middle-lg u-valign-middle-sm u-valign-middle-xl u-sheet-1\">\n        <div class=\"u-custom-color-1 u-shape u-shape-circle u-shape-1\"><\/div>\n        <div class=\"u-clearfix u-expanded-width u-layout-wrap u-layout-wrap-1\">\n          <div class=\"u-gutter-0 u-layout\">\n            <div class=\"u-layout-row\">\n              <div class=\"u-container-style u-layout-cell u-left-cell u-right-cell u-size-60 u-white u-layout-cell-1\">\n                <div class=\"u-container-layout u-valign-bottom-xs u-valign-middle-lg u-container-layout-1\">\n                  <h2 class=\"u-custom-font u-font-oswald u-text u-text-custom-color-2 u-text-1\" data-animation-name=\"fadeIn\" data-animation-duration=\"1000\" data-animation-delay=\"0\" data-animation-direction=\"Down\">\n                    <font class=\"u-text-custom-color-1\">Nossa Miss\u00e3o<\/font>\n                    <br>\n                  <\/h2>\n                  <p class=\"u-align-justify u-text u-text-2\"> Num per\u00edodo de 3 anos tornar-se uma\ncorretora de refer\u00eancia na actividade de corretagem de seguros no pa\u00eds, atrav\u00e9s\ndo desenvolvimento de uma boa rela\u00e7\u00e3o de parceria com seus clientes e\ncumprimento dos prazos relativos as suas obriga\u00e7\u00f5es com as seguradoras, e\nprincipalmente com o Instituto de Supervis\u00e3o de Seguros de Mo\u00e7ambique, no que\nse refere a Contabilidade de Seguros. &nbsp; <\/p>\n                <\/div>\n              <\/div>\n            <\/div>\n          <\/div>\n        <\/div>\n      <\/div>\n    <\/section>\n    <section class=\"u-align-center-lg u-align-center-md u-align-center-xl u-align-left-sm u-align-left-xs u-clearfix u-section-5\" id=\"carousel_6ca4\">\n      <div class=\"u-clearfix u-sheet u-sheet-1\">\n        <h2 class=\"u-align-left-lg u-align-left-md u-align-left-xl u-custom-font u-font-oswald u-text u-text-custom-color-3 u-text-default u-text-1\" data-animation-name=\"zoomIn\" data-animation-duration=\"1000\" data-animation-delay=\"0\" data-animation-direction=\"\">Nossos Valores<br>\n        <\/h2>\n        <p class=\"u-align-left u-text u-text-custom-color-3 u-text-default u-text-2\">Responsabilidade;<\/p>\n        <div class=\"u-shape u-shape-svg u-text-custom-color-3 u-shape-1\">\n          <svg class=\"u-svg-link\" preserveAspectRatio=\"none\" viewBox=\"0 0 160 120\" style=\"\"><use xlink:href=\"#svg-9ffc\"><\/use><\/svg>\n          <svg xmlns=\"http:\/\/www.w3.org\/2000\/svg\" xmlns:xlink=\"http:\/\/www.w3.org\/1999\/xlink\" version=\"1.1\" xml:space=\"preserve\" class=\"u-svg-content\" viewBox=\"0 0 160 120\" x=\"0px\" y=\"0px\" id=\"svg-9ffc\" style=\"enable-background:new 0 0 160 120;\"><g><g><path d=\"M72.4,114.5c-7.3,7.3-19,7.3-26.3,0L5.5,73.6c-7.3-7.3-7.3-19.1,0-26.4s19-7.3,26.3,0L56,71.6c1.8,1.8,4.8,1.8,6.6,0\n\t\t\tl65.7-66.1c7.3-7.3,19-7.3,26.3,0c3.5,3.5,5.4,8.2,5.4,13.2s-2,9.8-5.4,13.2L72.4,114.5z\"><\/path>\n<\/g>\n<\/g><\/svg>\n        <\/div>\n        <p class=\"u-align-left u-text u-text-custom-color-3 u-text-default u-text-3\">Confidencialidade;<\/p>\n        <div class=\"u-shape u-shape-svg u-text-custom-color-3 u-shape-2\">\n          <svg class=\"u-svg-link\" preserveAspectRatio=\"none\" viewBox=\"0 0 160 120\" style=\"\"><use xlink:href=\"#svg-9ffc\"><\/use><\/svg>\n          <svg xmlns=\"http:\/\/www.w3.org\/2000\/svg\" xmlns:xlink=\"http:\/\/www.w3.org\/1999\/xlink\" version=\"1.1\" xml:space=\"preserve\" class=\"u-svg-content\" viewBox=\"0 0 160 120\" x=\"0px\" y=\"0px\" id=\"svg-9ffc\" style=\"enable-background:new 0 0 160 120;\"><g><g><path d=\"M72.4,114.5c-7.3,7.3-19,7.3-26.3,0L5.5,73.6c-7.3-7.3-7.3-19.1,0-26.4s19-7.3,26.3,0L56,71.6c1.8,1.8,4.8,1.8,6.6,0\n\t\t\tl65.7-66.1c7.3-7.3,19-7.3,26.3,0c3.5,3.5,5.4,8.2,5.4,13.2s-2,9.8-5.4,13.2L72.4,114.5z\"><\/path>\n<\/g>\n<\/g><\/svg>\n        <\/div>\n        <div class=\"u-shape u-shape-svg u-text-custom-color-3 u-shape-3\">\n          <svg class=\"u-svg-link\" preserveAspectRatio=\"none\" viewBox=\"0 0 160 120\" style=\"\"><use xlink:href=\"#svg-9ffc\"><\/use><\/svg>\n          <svg xmlns=\"http:\/\/www.w3.org\/2000\/svg\" xmlns:xlink=\"http:\/\/www.w3.org\/1999\/xlink\" version=\"1.1\" xml:space=\"preserve\" class=\"u-svg-content\" viewBox=\"0 0 160 120\" x=\"0px\" y=\"0px\" id=\"svg-9ffc\" style=\"enable-background:new 0 0 160 120;\"><g><g><path d=\"M72.4,114.5c-7.3,7.3-19,7.3-26.3,0L5.5,73.6c-7.3-7.3-7.3-19.1,0-26.4s19-7.3,26.3,0L56,71.6c1.8,1.8,4.8,1.8,6.6,0\n\t\t\tl65.7-66.1c7.3-7.3,19-7.3,26.3,0c3.5,3.5,5.4,8.2,5.4,13.2s-2,9.8-5.4,13.2L72.4,114.5z\"><\/path>\n<\/g>\n<\/g><\/svg>\n        <\/div>\n        <p class=\"u-align-left u-text u-text-custom-color-3 u-text-default u-text-4\">Solidez;<\/p>\n        <p class=\"u-align-left u-text u-text-custom-color-3 u-text-default u-text-5\">Objectividade;<\/p>\n        <div class=\"u-shape u-shape-svg u-text-custom-color-3 u-shape-4\">\n          <svg class=\"u-svg-link\" preserveAspectRatio=\"none\" viewBox=\"0 0 160 120\" style=\"\"><use xlink:href=\"#svg-9ffc\"><\/use><\/svg>\n          <svg xmlns=\"http:\/\/www.w3.org\/2000\/svg\" xmlns:xlink=\"http:\/\/www.w3.org\/1999\/xlink\" version=\"1.1\" xml:space=\"preserve\" class=\"u-svg-content\" viewBox=\"0 0 160 120\" x=\"0px\" y=\"0px\" id=\"svg-9ffc\" style=\"enable-background:new 0 0 160 120;\"><g><g><path d=\"M72.4,114.5c-7.3,7.3-19,7.3-26.3,0L5.5,73.6c-7.3-7.3-7.3-19.1,0-26.4s19-7.3,26.3,0L56,71.6c1.8,1.8,4.8,1.8,6.6,0\n\t\t\tl65.7-66.1c7.3-7.3,19-7.3,26.3,0c3.5,3.5,5.4,8.2,5.4,13.2s-2,9.8-5.4,13.2L72.4,114.5z\"><\/path>\n<\/g>\n<\/g><\/svg>\n        <\/div>\n      <\/div>\n    <\/section>\n    <section class=\"u-clearfix u-section-6\" id=\"sec-670c\">\n      <div class=\"u-clearfix u-sheet u-valign-middle-xl u-sheet-1\">\n        <div class=\"u-shape u-shape-svg u-text-custom-color-1 u-shape-1\" data-animation-name=\"pulse\" data-animation-duration=\"1000\" data-animation-delay=\"0\" data-animation-direction=\"\">\n          <svg class=\"u-svg-link\" preserveAspectRatio=\"none\" viewBox=\"0 0 160 160\" style=\"\"><use xlink:href=\"#svg-ca8e\"><\/use><\/svg>\n          <svg xmlns=\"http:\/\/www.w3.org\/2000\/svg\" xmlns:xlink=\"http:\/\/www.w3.org\/1999\/xlink\" version=\"1.1\" xml:space=\"preserve\" class=\"u-svg-content\" viewBox=\"0 0 160 160\" x=\"0px\" y=\"0px\" id=\"svg-ca8e\"><path d=\"M157.5,72.3l-74-70.9c-1.9-1.9-5-1.9-6.9,0l-74.1,71C0.9,74,0,76.1,0,78.3c0,4.6,3.7,8.3,8.3,8.3H20V150c0,5.5,4.5,10,10,10\n\th28.3c2.8,0,5-2.2,5-5v-43.3c0-0.9,0.7-1.7,1.7-1.7h30c0.9,0,1.7,0.8,1.7,1.7V155c0,2.8,2.2,5,5,5H130c5.5,0,10-4.5,10-10V86.7h11.7\n\tc4.6,0,8.3-3.7,8.3-8.3C160,76.1,159.1,74,157.5,72.3z\"><\/path><\/svg>\n        <\/div>\n        <div class=\"u-shape u-shape-svg u-text-custom-color-1 u-shape-2\" data-animation-name=\"pulse\" data-animation-duration=\"1000\" data-animation-delay=\"0\" data-animation-direction=\"\">\n          <svg class=\"u-svg-link\" preserveAspectRatio=\"none\" viewBox=\"0 0 160 160\" style=\"\"><use xlink:href=\"#svg-92e8\"><\/use><\/svg>\n          <svg xmlns=\"http:\/\/www.w3.org\/2000\/svg\" xmlns:xlink=\"http:\/\/www.w3.org\/1999\/xlink\" version=\"1.1\" xml:space=\"preserve\" class=\"u-svg-content\" viewBox=\"0 0 160 160\" x=\"0px\" y=\"0px\" id=\"svg-92e8\"><g><g><path d=\"M155.5,4.5c-6.1-6.1-16.1-6-22,0.2l-32.8,34.2l-80-26.5L3.9,29.2l66.7,41.1l-33.7,35.2l-21.6-3.6L0,117.1l31.8,11.1\n\t\t\tL42.9,160l15.2-15.2l-3.6-21.6l35.2-33.7l41.1,66.7l16.8-16.8l-26.5-80l34.2-32.8C161.5,20.6,161.6,10.6,155.5,4.5z\"><\/path>\n<\/g>\n<\/g><\/svg>\n        <\/div><span class=\"u-icon u-icon-circle u-text-custom-color-1 u-icon-1\" data-animation-name=\"pulse\" data-animation-duration=\"1000\" data-animation-delay=\"0\" data-animation-direction=\"\"><svg class=\"u-svg-link\" preserveAspectRatio=\"xMidYMin slice\" viewBox=\"0 0 512 512\" style=\"\"><use xlink:href=\"#svg-9033\"><\/use><\/svg><svg xmlns=\"http:\/\/www.w3.org\/2000\/svg\" xmlns:xlink=\"http:\/\/www.w3.org\/1999\/xlink\" version=\"1.1\" xml:space=\"preserve\" class=\"u-svg-content\" viewBox=\"0 0 512 512\" id=\"svg-9033\"><g><path d=\"m420.942 106c0-57.891-47.109-106-105-106-22.559 0-43.638 9.653-60 27.026-16.363-17.373-37.442-27.026-60-27.026-57.891 0-105 48.109-105 106 0 58.228 42.729 88.286 92.212 123.105 20.405 14.355 41.514 29.209 62.959 47.813l9.814 8.525 9.829-8.511c24.243-20.977 47.3-37.397 67.632-51.885 48.911-34.818 87.554-62.328 87.554-119.047zm-120 45h-30v30h-30v-30h-30v-30h30v-30h30v30h30z\"><\/path><path d=\"m493.942 137.199c-30.601 0-38.5 142.2-39.101 145.201-3.047 20.836-17.725 51.68-42.513 70.252l-64.971 47.173-17.988-24.023 64.971-47.159c25.737-19.296 37.467-52.244 5.301-52.244-28.808 0-82.657 33.353-98.621 46.584-19.063 15.8-30.079 39.276-30.079 64.036v124.981h90c0-14.401 7.8-30.101 19.799-45.101 12.601-16.5 30.601-33.3 49.2-50.4 35.4-33.3 72.1-67.5 76.901-102.299 2.85-23.376 5.217-63.468 5.099-99.2-.13-40.015-3.52-76.508-17.998-77.801z\"><\/path><path d=\"m207.342 320.2c-42.301-29.101-74.399-43.801-95.099-43.801-32.166 0-20.436 32.948 5.301 52.244l64.971 47.159-17.988 24.023-64.971-47.173c-24.79-18.572-39.468-49.416-42.515-70.252-.601-3.001-8.5-145.201-39.101-145.201-16.8 1.5-18.6 50.4-17.699 97.2.601 34.2 3.3 67.5 4.799 79.801 4.801 34.799 41.501 69 76.901 102.299 18.6 17.1 36.599 33.9 49.2 50.4 11.999 15 19.799 30.7 19.799 45.101h90v-124.382c.002-26.501-12.439-51.464-33.598-67.418z\"><\/path>\n<\/g><\/svg><\/span>\n        <div class=\"u-shape u-shape-svg u-text-custom-color-1 u-shape-3\" data-animation-name=\"pulse\" data-animation-duration=\"1000\" data-animation-delay=\"0\" data-animation-direction=\"\">\n          <svg class=\"u-svg-link\" preserveAspectRatio=\"none\" viewBox=\"0 0 160 110\" style=\"\"><use xlink:href=\"#svg-1461\"><\/use><\/svg>\n          <svg xmlns=\"http:\/\/www.w3.org\/2000\/svg\" xmlns:xlink=\"http:\/\/www.w3.org\/1999\/xlink\" version=\"1.1\" xml:space=\"preserve\" class=\"u-svg-content\" viewBox=\"0 0 160 110\" x=\"0px\" y=\"0px\" id=\"svg-1461\" style=\"enable-background:new 0 0 160 110;\"><path d=\"M159.1,34c-0.8-0.9-2-1.5-3.2-1.5h-15.6c-3.8-9.8-8.8-19.5-14.5-23.1c-19.7-12.6-71.9-12.6-91.6,0\n\tc-5.7,3.7-10.7,13.3-14.5,23.1H4.1c-1.2,0-2.4,0.5-3.2,1.5c-0.8,0.9-1.1,2.1-0.8,3.3l2.3,10.8c0.4,1.8,2.1,3.2,4,3.2H11\n\tc-4.5,4.9-6.6,11.3-6.6,17.6c0,7.8,3,14.7,8.6,19.8c0.1,0.1,0.1,0.1,0.2,0.2V104c0,3.3,2.8,6,6.1,6h14.4c3.4,0,6.1-2.7,6.1-6v-6.1\n\th80.5v6.1c0,3.3,2.8,6,6.1,6h14.4c3.4,0,6.1-2.7,6.1-6V89.2c5.9-5.2,8.7-12.5,8.7-19.6c0-6.5-2.2-13-6.9-18.1h4.9\n\tc1.9,0,3.6-1.3,4-3.2l2.3-10.8C160.2,36.2,159.9,34.9,159.1,34z M41,19.4c15.7-10,62.4-10,78.1,0c3,1.9,7,9.8,10.6,19.4H30.4\n\tC34,29.2,37.9,21.3,41,19.4z M22.6,70.3c0-6.5,5.4-11.7,12.1-11.7s12.1,5.2,12.1,11.7s-5.4,11.7-12.1,11.7\n\tC28,82.2,22.6,76.8,22.6,70.3z M125.5,82.2c-6.7,0-12.1-5.2-12.1-11.7s5.4-11.7,12.1-11.7c6.7,0,12.1,5.2,12.1,11.7\n\tS132.2,82.2,125.5,82.2z\"><\/path><\/svg>\n        <\/div><span class=\"u-icon u-icon-circle u-text-custom-color-1 u-icon-2\" data-animation-name=\"pulse\" data-animation-duration=\"1000\" data-animation-delay=\"0\" data-animation-direction=\"\"><svg class=\"u-svg-link\" preserveAspectRatio=\"xMidYMin slice\" viewBox=\"0 0 483.188 483.188\" style=\"\"><use xlink:href=\"#svg-9534\"><\/use><\/svg><svg xmlns=\"http:\/\/www.w3.org\/2000\/svg\" xmlns:xlink=\"http:\/\/www.w3.org\/1999\/xlink\" version=\"1.1\" xml:space=\"preserve\" class=\"u-svg-content\" viewBox=\"0 0 483.188 483.188\" x=\"0px\" y=\"0px\" id=\"svg-9534\" style=\"enable-background:new 0 0 483.188 483.188;\"><g><g><path d=\"M465.267,344.166c-9.2-0.7-28.3,9.7-33.6,12.3c-18.7,9.4-44.5,24.1-61.5,35.8c-1.2,0.8-2.8,1.9-4,2.6    c-7.6,4.9-15.7,8.2-24.7,10.1c-49.4,10.5-121.4,11.7-121.4,11.7l-4.2,0.2c-3.2,0.2-6-2-6.4-5.1c-0.5-3.4,2-6.5,5.5-6.8l107.1-10.2    c11.8-1.3,21.2-12.3,19.9-24.7c-1.3-12.4-12.7-21.5-24.5-20.2l-95.2-1.2c-6.5-0.1-16.9-1.7-23.1-3.5c-61.4-17.9-96-1.1-114.4,6.7    c-4.1-6.8-11.9-11.2-20.6-10.6l-41.1,2.7c-13.7,0.9-24,12.3-23,25.5l6.6,91.2c0.9,13.2,12.8,23.1,26.4,22.2l41.1-2.7    c8.7-0.6,15.7-5.9,18.8-13.2l180.4,7.8c20.1,2.1,38.9-0.3,56.6-9.6l5.2-2.7l136.3-79.8c6.7-3.9,11.5-10.7,11.7-18.3    C483.567,355.266,478.267,345.066,465.267,344.166z M48.167,461.266c-7.7,0-14-6-14-13.5s6.3-13.5,14-13.5s14,6,14,13.5    S55.867,461.266,48.167,461.266z\"><\/path><path d=\"M368.167,372.566c13.9-9.7,42.4-25.2,58.5-33.3c4.9-2.4,10-4.9,15.5-6.8c-7-4.7-14.5-4.9-22.3-1.9    c-15.3,6.1-43.5,19.7-57.9,27.5c-0.1,0.2-0.2,0.4-0.2,0.6c1,3,1.8,6.1,2.1,9.3c0.3,2.6,0.2,5.1,0.1,7.6    C365.267,374.566,366.667,373.566,368.167,372.566z\"><\/path><path d=\"M404.967,321.466c-7-4.5-14.4-4.7-22-1.7c-9.5,3.7-30.6,10.6-40,15.6c4,2.5,7.6,5.6,10.7,9.2c0.6-0.4,1.2-0.9,1.9-1.3    l6.9-3.8C372.467,333.966,393.967,326.366,404.967,321.466z\"><\/path><path d=\"M391.267,144.066c26.7-11.4,45.5-38,45.5-68.9c0-41.4-33.6-74.9-74.9-74.9s-74.9,33.6-74.9,74.9c0,0.4,0.1,0.8,0.1,1.2    C331.567,81.066,369.767,107.166,391.267,144.066z\"><\/path><path d=\"M272.767,321.566c60.1,0,108.8-48.7,108.8-108.8s-48.7-108.8-108.8-108.8s-108.8,48.7-108.8,108.8    S212.667,321.566,272.767,321.566z M234.767,255.766c1-3.6,2-7.2,3.1-10.7c1.3-4.1,2.4-4.6,6.2-2.7c6.5,3.4,13.3,5.2,20.5,6.1    c4.6,0.6,9.2,0.1,13.4-1.8c8-3.5,9.3-12.8,2.5-18.3c-2.3-1.9-4.9-3.3-7.6-4.5c-7-3.1-14.3-5.4-21-9.4    c-10.7-6.4-17.6-15.3-16.8-28.3c0.9-14.8,9.3-24,22.8-28.9c5.6-2,5.6-2,5.7-7.8c0-2,0-4,0-5.9c0.1-4.4,0.9-5.2,5.2-5.3    c1.4,0,2.7,0,4.1,0c9.3,0,9.3,0,9.4,9.3c0,6.6,0,6.6,6.6,7.7c5,0.8,9.9,2.3,14.5,4.3c2.6,1.1,3.5,2.9,2.8,5.6    c-1.2,4-2.3,8.1-3.6,12.1c-1.2,3.8-2.4,4.3-6.1,2.6c-7.3-3.5-15-5-23-4.6c-2.1,0.1-4.2,0.4-6.1,1.3c-7,3-8.1,10.7-2.2,15.5    c3,2.4,6.4,4.1,10,5.6c6.2,2.6,12.4,5,18.2,8.2c18.7,10.3,23.7,33.8,10.5,49.7c-4.8,5.8-10.9,9.7-18.1,11.6    c-3.1,0.9-4.6,2.5-4.4,5.8c0.1,3.2,0,6.4,0,9.6c0,2.9-1.5,4.4-4.3,4.5c-3.5,0.1-6.9,0.1-10.4,0c-3-0.1-4.5-1.8-4.5-4.7    c0-2.3,0-4.7-0.1-7c-0.1-5.2-0.2-5.4-5.2-6.2c-6.4-1-12.6-2.5-18.5-5.3C233.867,261.766,233.467,260.566,234.767,255.766z\"><\/path>\n<\/g>\n<\/g><\/svg><\/span><span class=\"u-icon u-icon-circle u-text-custom-color-1 u-icon-3\" data-animation-name=\"pulse\" data-animation-duration=\"1000\" data-animation-delay=\"0\" data-animation-direction=\"\"><svg class=\"u-svg-link\" preserveAspectRatio=\"xMidYMin slice\" viewBox=\"0 0 512 512\" style=\"\"><use xlink:href=\"#svg-26af\"><\/use><\/svg><svg xmlns=\"http:\/\/www.w3.org\/2000\/svg\" xmlns:xlink=\"http:\/\/www.w3.org\/1999\/xlink\" version=\"1.1\" xml:space=\"preserve\" class=\"u-svg-content\" viewBox=\"0 0 512 512\" id=\"svg-26af\"><g><path d=\"m226 390h60v122h-60z\"><\/path><path d=\"m121.023 512h74.977v-152h120v152h75.333v-512h-270.31zm209.977-452h30v30h-30zm0 60h30v30h-30zm0 60h30v30h-30zm0 60h30v30h-30zm0 60h30v30h-30zm-60-240h30v30h-30zm0 60h30v30h-30zm0 60h30v30h-30zm0 60h30v30h-30zm0 60h30v30h-30zm-60-240h30v30h-30zm0 60h30v30h-30zm0 60h30v30h-30zm0 60h30v30h-30zm0 60h30v30h-30zm-60-240h30v30h-30zm0 60h30v30h-30zm0 60h30v30h-30zm0 60h30v30h-30zm0 60h30v30h-30z\"><\/path><path d=\"m420.637 120h91.363v392h-91.363z\"><\/path><path d=\"m0 120h90.996v392h-90.996z\"><\/path>\n<\/g><\/svg><\/span>\n      <\/div>\n    <\/section>\n    \n    \n  \n","protected":false},"excerpt":{"rendered":"<p>Quem somos? A ELGHAINA &#8211; Corretora de Seguros, S.A \u00e9 uma empresa mo\u00e7ambicana dedicada a assessorar na escolha do melhor plano de seguro e desenvolver com seus clientes parcerias de longo prazo atrav\u00e9s de atendimento personalizado, produtos e servi\u00e7os de qualidade em gerenciamento de riscos e seguros. Parceiros Nossa Vis\u00e3o Num per\u00edodo de 3 anos &hellip; <a href=\"https:\/\/elghainaseguros.co.mz\/index.php\/sobre-nos\/\" class=\"more-link\">Continue reading<span class=\"screen-reader-text\"> &#8220;Sobre N\u00f3s&#8221;<\/span><\/a><\/p>\n","protected":false},"author":1,"featured_media":0,"parent":0,"menu_order":0,"comment_status":"closed","ping_status":"closed","template":"","meta":{"footnotes":""},"class_list":["post-27","page","type-page","status-publish","hentry"],"_links":{"self":[{"href":"https:\/\/elghainaseguros.co.mz\/index.php\/wp-json\/wp\/v2\/pages\/27","targetHints":{"allow":["GET"]}}],"collection":[{"href":"https:\/\/elghainaseguros.co.mz\/index.php\/wp-json\/wp\/v2\/pages"}],"about":[{"href":"https:\/\/elghainaseguros.co.mz\/index.php\/wp-json\/wp\/v2\/types\/page"}],"author":[{"embeddable":true,"href":"https:\/\/elghainaseguros.co.mz\/index.php\/wp-json\/wp\/v2\/users\/1"}],"replies":[{"embeddable":true,"href":"https:\/\/elghainaseguros.co.mz\/index.php\/wp-json\/wp\/v2\/comments?post=27"}],"version-history":[{"count":21,"href":"https:\/\/elghainaseguros.co.mz\/index.php\/wp-json\/wp\/v2\/pages\/27\/revisions"}],"predecessor-version":[{"id":244,"href":"https:\/\/elghainaseguros.co.mz\/index.php\/wp-json\/wp\/v2\/pages\/27\/revisions\/244"}],"wp:attachment":[{"href":"https:\/\/elghainaseguros.co.mz\/index.php\/wp-json\/wp\/v2\/media?parent=27"}],"curies":[{"name":"wp","href":"https:\/\/api.w.org\/{rel}","templated":true}]}}